{"id":539,"date":"2023-01-28T09:59:09","date_gmt":"2023-01-28T08:59:09","guid":{"rendered":"https:\/\/www.pro-du-web.fr\/s\/?page_id=539"},"modified":"2025-06-04T10:23:55","modified_gmt":"2025-06-04T08:23:55","slug":"chatgpt","status":"publish","type":"page","link":"https:\/\/www.pro-du-web.fr\/s\/chatgpt\/","title":{"rendered":"ChatGPT (mini)"},"content":{"rendered":"<h4><strong>Ceci \u00e9tait une version minimale de ChatGPT. Pour un texte \u00e9tendu utiliser l&rsquo;extension : \u00ab\u00a0ChatGPT for Google\u00a0\u00bb disponible pour Chrome et Firefox.<\/strong><\/h4>\n<p>H\u00e9las, comme vous le savez, tout \u00e0 une fin. ChatGPT est devenu payant ! Vous pouvez l&rsquo;utiliser jusqu\u2019\u00e0 l&rsquo;\u00e9puisement du cr\u00e9dit. Apr\u00e8s, utilisez le plugin ci-dessus.<br \/>\n<div class='mwai-chatbot-container' data-params='{&quot;aiName&quot;:&quot;AI: &quot;,&quot;userName&quot;:&quot;User: &quot;,&quot;guestName&quot;:&quot;Guest:&quot;,&quot;textSend&quot;:&quot;Envoyer&quot;,&quot;textClear&quot;:&quot;Effacer&quot;,&quot;imageUpload&quot;:false,&quot;fileUpload&quot;:false,&quot;multiUpload&quot;:false,&quot;maxUploads&quot;:1,&quot;fileUploads&quot;:0,&quot;mode&quot;:&quot;chat&quot;,&quot;textInputPlaceholder&quot;:&quot;Taper votre demande :&quot;,&quot;textInputMaxLength&quot;:512,&quot;textCompliance&quot;:&quot;&quot;,&quot;startSentence&quot;:&quot;Comment je peux vous aider ?&quot;,&quot;localMemory&quot;:true,&quot;themeId&quot;:&quot;chatgpt&quot;,&quot;window&quot;:false,&quot;icon&quot;:&quot;&quot;,&quot;iconText&quot;:&quot;&quot;,&quot;iconTextDelay&quot;:1,&quot;iconAlt&quot;:&quot;AI Chatbot Avatar&quot;,&quot;iconPosition&quot;:&quot;bottom-right&quot;,&quot;centerOpen&quot;:false,&quot;width&quot;:&quot;&quot;,&quot;openDelay&quot;:&quot;&quot;,&quot;iconBubble&quot;:false,&quot;windowAnimation&quot;:&quot;zoom&quot;,&quot;fullscreen&quot;:false,&quot;copyButton&quot;:false,&quot;headerSubtitle&quot;:&quot;Discuss with&quot;,&quot;containerType&quot;:&quot;standard&quot;,&quot;headerType&quot;:&quot;standard&quot;,&quot;messagesType&quot;:&quot;standard&quot;,&quot;inputType&quot;:&quot;standard&quot;,&quot;footerType&quot;:&quot;standard&quot;}' data-system='{&quot;botId&quot;:&quot;default&quot;,&quot;customId&quot;:null,&quot;userData&quot;:null,&quot;sessionId&quot;:false,&quot;restNonce&quot;:null,&quot;contextId&quot;:null,&quot;pluginUrl&quot;:&quot;https:\\\/\\\/www.pro-du-web.fr\\\/s\\\/wp-content\\\/plugins\\\/ai-engine&quot;,&quot;restUrl&quot;:&quot;https:\\\/\\\/www.pro-du-web.fr\\\/s\\\/wp-json&quot;,&quot;stream&quot;:false,&quot;debugMode&quot;:false,&quot;eventLogs&quot;:false,&quot;speech_recognition&quot;:false,&quot;speech_synthesis&quot;:false,&quot;typewriter&quot;:false,&quot;crossSite&quot;:false,&quot;actions&quot;:[],&quot;blocks&quot;:[],&quot;shortcuts&quot;:[]}' data-theme='{&quot;type&quot;:&quot;internal&quot;,&quot;name&quot;:&quot;ChatGPT&quot;,&quot;themeId&quot;:&quot;chatgpt&quot;,&quot;settings&quot;:[],&quot;style&quot;:&quot;&quot;,&quot;cssUrl&quot;:&quot;https:\\\/\\\/www.pro-du-web.fr\\\/s\\\/wp-content\\\/plugins\\\/ai-engine\\\/themes\\\/chatgpt.css&quot;}'><\/div><\/p>\n","protected":false},"excerpt":{"rendered":"<p>Ceci \u00e9tait une version minimale de ChatGPT. Pour un texte \u00e9tendu utiliser l&rsquo;extension : \u00ab\u00a0ChatGPT for Google\u00a0\u00bb disponible pour Chrome et Firefox. H\u00e9las, comme vous le savez, tout \u00e0 une fin. ChatGPT est devenu&#46;&#46;&#46;<\/p>\n","protected":false},"author":4,"featured_media":0,"parent":0,"menu_order":0,"comment_status":"closed","ping_status":"closed","template":"","meta":{"footnotes":""},"class_list":["post-539","page","type-page","status-publish","hentry"],"yoast_head":"<!-- This site is optimized with the Yoast SEO plugin v27.0 - https:\/\/yoast.com\/product\/yoast-seo-wordpress\/ -->\n<title>ChatGPT (mini) - Pro-du-WEB.fr : Le Site !<\/title>\n<meta name=\"robots\" content=\"index, follow, max-snippet:-1, max-image-preview:large, max-video-preview:-1\" \/>\n<link rel=\"canonical\" href=\"https:\/\/www.pro-du-web.fr\/s\/chatgpt\/\" \/>\n<meta property=\"og:locale\" content=\"fr_FR\" \/>\n<meta property=\"og:type\" content=\"article\" \/>\n<meta property=\"og:title\" content=\"ChatGPT (mini) - Pro-du-WEB.fr : Le Site !\" \/>\n<meta property=\"og:description\" content=\"Ceci \u00e9tait une version minimale de ChatGPT. Pour un texte \u00e9tendu utiliser l&rsquo;extension : \u00ab\u00a0ChatGPT for Google\u00a0\u00bb disponible pour Chrome et Firefox. H\u00e9las, comme vous le savez, tout \u00e0 une fin. ChatGPT est devenu&#046;&#046;&#046;\" \/>\n<meta property=\"og:url\" content=\"https:\/\/www.pro-du-web.fr\/s\/chatgpt\/\" \/>\n<meta property=\"og:site_name\" content=\"Pro-du-WEB.fr : Le Site !\" \/>\n<meta property=\"article:modified_time\" content=\"2025-06-04T08:23:55+00:00\" \/>\n<meta name=\"twitter:card\" content=\"summary_large_image\" \/>\n<meta name=\"twitter:label1\" content=\"Dur\u00e9e de lecture estim\u00e9e\" \/>\n\t<meta name=\"twitter:data1\" content=\"1 minute\" \/>\n<script type=\"application\/ld+json\" class=\"yoast-schema-graph\">{\"@context\":\"https:\/\/schema.org\",\"@graph\":[{\"@type\":\"WebPage\",\"@id\":\"https:\/\/www.pro-du-web.fr\/s\/chatgpt\/\",\"url\":\"https:\/\/www.pro-du-web.fr\/s\/chatgpt\/\",\"name\":\"ChatGPT (mini) - Pro-du-WEB.fr : Le Site !\",\"isPartOf\":{\"@id\":\"https:\/\/www.pro-du-web.fr\/s\/#website\"},\"datePublished\":\"2023-01-28T08:59:09+00:00\",\"dateModified\":\"2025-06-04T08:23:55+00:00\",\"breadcrumb\":{\"@id\":\"https:\/\/www.pro-du-web.fr\/s\/chatgpt\/#breadcrumb\"},\"inLanguage\":\"fr-FR\",\"potentialAction\":[{\"@type\":\"ReadAction\",\"target\":[\"https:\/\/www.pro-du-web.fr\/s\/chatgpt\/\"]}]},{\"@type\":\"BreadcrumbList\",\"@id\":\"https:\/\/www.pro-du-web.fr\/s\/chatgpt\/#breadcrumb\",\"itemListElement\":[{\"@type\":\"ListItem\",\"position\":1,\"name\":\"Accueil\",\"item\":\"https:\/\/www.pro-du-web.fr\/s\/\"},{\"@type\":\"ListItem\",\"position\":2,\"name\":\"ChatGPT (mini)\"}]},{\"@type\":\"WebSite\",\"@id\":\"https:\/\/www.pro-du-web.fr\/s\/#website\",\"url\":\"https:\/\/www.pro-du-web.fr\/s\/\",\"name\":\"Pro-du-WEB.fr : Le Site !\",\"description\":\"\",\"publisher\":{\"@id\":\"https:\/\/www.pro-du-web.fr\/s\/#\/schema\/person\/9cab67c4ccc54ff10ed2362110dfc9e5\"},\"potentialAction\":[{\"@type\":\"SearchAction\",\"target\":{\"@type\":\"EntryPoint\",\"urlTemplate\":\"https:\/\/www.pro-du-web.fr\/s\/?s={search_term_string}\"},\"query-input\":{\"@type\":\"PropertyValueSpecification\",\"valueRequired\":true,\"valueName\":\"search_term_string\"}}],\"inLanguage\":\"fr-FR\"},{\"@type\":[\"Person\",\"Organization\"],\"@id\":\"https:\/\/www.pro-du-web.fr\/s\/#\/schema\/person\/9cab67c4ccc54ff10ed2362110dfc9e5\",\"name\":\"adminmaster\",\"image\":{\"@type\":\"ImageObject\",\"inLanguage\":\"fr-FR\",\"@id\":\"https:\/\/www.pro-du-web.fr\/s\/#\/schema\/person\/image\/\",\"url\":\"https:\/\/secure.gravatar.com\/avatar\/5643ef57823b33d4ea50edd7d1cc0e4925cb491f35f538816db6c2677c28163c?s=96&d=mm&r=g\",\"contentUrl\":\"https:\/\/secure.gravatar.com\/avatar\/5643ef57823b33d4ea50edd7d1cc0e4925cb491f35f538816db6c2677c28163c?s=96&d=mm&r=g\",\"caption\":\"adminmaster\"},\"logo\":{\"@id\":\"https:\/\/www.pro-du-web.fr\/s\/#\/schema\/person\/image\/\"}}]}<\/script>\n<!-- \/ Yoast SEO plugin. -->","yoast_head_json":{"title":"ChatGPT (mini) - Pro-du-WEB.fr : Le Site !","robots":{"index":"index","follow":"follow","max-snippet":"max-snippet:-1","max-image-preview":"max-image-preview:large","max-video-preview":"max-video-preview:-1"},"canonical":"https:\/\/www.pro-du-web.fr\/s\/chatgpt\/","og_locale":"fr_FR","og_type":"article","og_title":"ChatGPT (mini) - Pro-du-WEB.fr : Le Site !","og_description":"Ceci \u00e9tait une version minimale de ChatGPT. Pour un texte \u00e9tendu utiliser l&rsquo;extension : \u00ab\u00a0ChatGPT for Google\u00a0\u00bb disponible pour Chrome et Firefox. H\u00e9las, comme vous le savez, tout \u00e0 une fin. ChatGPT est devenu&#46;&#46;&#46;","og_url":"https:\/\/www.pro-du-web.fr\/s\/chatgpt\/","og_site_name":"Pro-du-WEB.fr : Le Site !","article_modified_time":"2025-06-04T08:23:55+00:00","twitter_card":"summary_large_image","twitter_misc":{"Dur\u00e9e de lecture estim\u00e9e":"1 minute"},"schema":{"@context":"https:\/\/schema.org","@graph":[{"@type":"WebPage","@id":"https:\/\/www.pro-du-web.fr\/s\/chatgpt\/","url":"https:\/\/www.pro-du-web.fr\/s\/chatgpt\/","name":"ChatGPT (mini) - Pro-du-WEB.fr : Le Site !","isPartOf":{"@id":"https:\/\/www.pro-du-web.fr\/s\/#website"},"datePublished":"2023-01-28T08:59:09+00:00","dateModified":"2025-06-04T08:23:55+00:00","breadcrumb":{"@id":"https:\/\/www.pro-du-web.fr\/s\/chatgpt\/#breadcrumb"},"inLanguage":"fr-FR","potentialAction":[{"@type":"ReadAction","target":["https:\/\/www.pro-du-web.fr\/s\/chatgpt\/"]}]},{"@type":"BreadcrumbList","@id":"https:\/\/www.pro-du-web.fr\/s\/chatgpt\/#breadcrumb","itemListElement":[{"@type":"ListItem","position":1,"name":"Accueil","item":"https:\/\/www.pro-du-web.fr\/s\/"},{"@type":"ListItem","position":2,"name":"ChatGPT (mini)"}]},{"@type":"WebSite","@id":"https:\/\/www.pro-du-web.fr\/s\/#website","url":"https:\/\/www.pro-du-web.fr\/s\/","name":"Pro-du-WEB.fr : Le Site !","description":"","publisher":{"@id":"https:\/\/www.pro-du-web.fr\/s\/#\/schema\/person\/9cab67c4ccc54ff10ed2362110dfc9e5"},"potentialAction":[{"@type":"SearchAction","target":{"@type":"EntryPoint","urlTemplate":"https:\/\/www.pro-du-web.fr\/s\/?s={search_term_string}"},"query-input":{"@type":"PropertyValueSpecification","valueRequired":true,"valueName":"search_term_string"}}],"inLanguage":"fr-FR"},{"@type":["Person","Organization"],"@id":"https:\/\/www.pro-du-web.fr\/s\/#\/schema\/person\/9cab67c4ccc54ff10ed2362110dfc9e5","name":"adminmaster","image":{"@type":"ImageObject","inLanguage":"fr-FR","@id":"https:\/\/www.pro-du-web.fr\/s\/#\/schema\/person\/image\/","url":"https:\/\/secure.gravatar.com\/avatar\/5643ef57823b33d4ea50edd7d1cc0e4925cb491f35f538816db6c2677c28163c?s=96&d=mm&r=g","contentUrl":"https:\/\/secure.gravatar.com\/avatar\/5643ef57823b33d4ea50edd7d1cc0e4925cb491f35f538816db6c2677c28163c?s=96&d=mm&r=g","caption":"adminmaster"},"logo":{"@id":"https:\/\/www.pro-du-web.fr\/s\/#\/schema\/person\/image\/"}}]}},"_links":{"self":[{"href":"https:\/\/www.pro-du-web.fr\/s\/wp-json\/wp\/v2\/pages\/539","targetHints":{"allow":["GET"]}}],"collection":[{"href":"https:\/\/www.pro-du-web.fr\/s\/wp-json\/wp\/v2\/pages"}],"about":[{"href":"https:\/\/www.pro-du-web.fr\/s\/wp-json\/wp\/v2\/types\/page"}],"author":[{"embeddable":true,"href":"https:\/\/www.pro-du-web.fr\/s\/wp-json\/wp\/v2\/users\/4"}],"replies":[{"embeddable":true,"href":"https:\/\/www.pro-du-web.fr\/s\/wp-json\/wp\/v2\/comments?post=539"}],"version-history":[{"count":25,"href":"https:\/\/www.pro-du-web.fr\/s\/wp-json\/wp\/v2\/pages\/539\/revisions"}],"predecessor-version":[{"id":669,"href":"https:\/\/www.pro-du-web.fr\/s\/wp-json\/wp\/v2\/pages\/539\/revisions\/669"}],"wp:attachment":[{"href":"https:\/\/www.pro-du-web.fr\/s\/wp-json\/wp\/v2\/media?parent=539"}],"curies":[{"name":"wp","href":"https:\/\/api.w.org\/{rel}","templated":true}]}}