{"id":203,"date":"2019-10-02T14:25:49","date_gmt":"2019-10-02T12:25:49","guid":{"rendered":"http:\/\/www.pro-du-web.fr\/s\/?page_id=203"},"modified":"2023-07-25T17:31:50","modified_gmt":"2023-07-25T15:31:50","slug":"meteo-villegailhenc","status":"publish","type":"page","link":"https:\/\/www.pro-du-web.fr\/s\/meteo-villegailhenc\/","title":{"rendered":"Windy"},"content":{"rendered":"<p><a title=\"Nouvelle fen\u00eatre\" href=\"https:\/\/www.windy.com\/43.262\/2.364?42.804,2.364,8,m:eRhage5\" target=\"_blank\" rel=\"noopener noreferrer\">Regarder le site Windy (m\u00e9t\u00e9o) pour Villegailhenc (Nouvelle fen\u00eatre)<\/a><\/p>\n","protected":false},"excerpt":{"rendered":"<p>Regarder le site Windy (m\u00e9t\u00e9o) pour Villegailhenc (Nouvelle fen\u00eatre)<\/p>\n","protected":false},"author":4,"featured_media":0,"parent":0,"menu_order":0,"comment_status":"closed","ping_status":"closed","template":"","meta":{"footnotes":""},"class_list":["post-203","page","type-page","status-publish","hentry"],"yoast_head":"<!-- This site is optimized with the Yoast SEO plugin v27.0 - https:\/\/yoast.com\/product\/yoast-seo-wordpress\/ -->\n<title>M\u00e9t\u00e9o Villegailhenc - Pro-du-web.fr - Toutes les infos (temp\u00e9rature, ...)<\/title>\n<meta name=\"description\" content=\"M\u00e9t\u00e9o Villegailhenc. Toutes les infos (temp\u00e9rature pluie vent, etc ...) A voir sur Pro-du-web.fr\" \/>\n<meta name=\"robots\" content=\"index, follow, max-snippet:-1, max-image-preview:large, max-video-preview:-1\" \/>\n<link rel=\"canonical\" href=\"https:\/\/www.pro-du-web.fr\/s\/meteo-villegailhenc\/\" \/>\n<meta property=\"og:locale\" content=\"fr_FR\" \/>\n<meta property=\"og:type\" content=\"article\" \/>\n<meta property=\"og:title\" content=\"M\u00e9t\u00e9o Villegailhenc - Pro-du-web.fr - Toutes les infos (temp\u00e9rature, ...)\" \/>\n<meta property=\"og:description\" content=\"M\u00e9t\u00e9o Villegailhenc. Toutes les infos (temp\u00e9rature pluie vent, etc ...) A voir sur Pro-du-web.fr\" \/>\n<meta property=\"og:url\" content=\"https:\/\/www.pro-du-web.fr\/s\/meteo-villegailhenc\/\" \/>\n<meta property=\"og:site_name\" content=\"Pro-du-WEB.fr : Le Site !\" \/>\n<meta property=\"article:modified_time\" content=\"2023-07-25T15:31:50+00:00\" \/>\n<meta name=\"twitter:card\" content=\"summary_large_image\" \/>\n<meta name=\"twitter:label1\" content=\"Dur\u00e9e de lecture estim\u00e9e\" \/>\n\t<meta name=\"twitter:data1\" content=\"1 minute\" \/>\n<script type=\"application\/ld+json\" class=\"yoast-schema-graph\">{\"@context\":\"https:\/\/schema.org\",\"@graph\":[{\"@type\":\"WebPage\",\"@id\":\"https:\/\/www.pro-du-web.fr\/s\/meteo-villegailhenc\/\",\"url\":\"https:\/\/www.pro-du-web.fr\/s\/meteo-villegailhenc\/\",\"name\":\"M\u00e9t\u00e9o Villegailhenc - Pro-du-web.fr - Toutes les infos (temp\u00e9rature, ...)\",\"isPartOf\":{\"@id\":\"https:\/\/www.pro-du-web.fr\/s\/#website\"},\"datePublished\":\"2019-10-02T12:25:49+00:00\",\"dateModified\":\"2023-07-25T15:31:50+00:00\",\"description\":\"M\u00e9t\u00e9o Villegailhenc. Toutes les infos (temp\u00e9rature pluie vent, etc ...) A voir sur Pro-du-web.fr\",\"breadcrumb\":{\"@id\":\"https:\/\/www.pro-du-web.fr\/s\/meteo-villegailhenc\/#breadcrumb\"},\"inLanguage\":\"fr-FR\",\"potentialAction\":[{\"@type\":\"ReadAction\",\"target\":[\"https:\/\/www.pro-du-web.fr\/s\/meteo-villegailhenc\/\"]}]},{\"@type\":\"BreadcrumbList\",\"@id\":\"https:\/\/www.pro-du-web.fr\/s\/meteo-villegailhenc\/#breadcrumb\",\"itemListElement\":[{\"@type\":\"ListItem\",\"position\":1,\"name\":\"Accueil\",\"item\":\"https:\/\/www.pro-du-web.fr\/s\/\"},{\"@type\":\"ListItem\",\"position\":2,\"name\":\"Windy\"}]},{\"@type\":\"WebSite\",\"@id\":\"https:\/\/www.pro-du-web.fr\/s\/#website\",\"url\":\"https:\/\/www.pro-du-web.fr\/s\/\",\"name\":\"Pro-du-WEB.fr : Le Site !\",\"description\":\"\",\"publisher\":{\"@id\":\"https:\/\/www.pro-du-web.fr\/s\/#\/schema\/person\/9cab67c4ccc54ff10ed2362110dfc9e5\"},\"potentialAction\":[{\"@type\":\"SearchAction\",\"target\":{\"@type\":\"EntryPoint\",\"urlTemplate\":\"https:\/\/www.pro-du-web.fr\/s\/?s={search_term_string}\"},\"query-input\":{\"@type\":\"PropertyValueSpecification\",\"valueRequired\":true,\"valueName\":\"search_term_string\"}}],\"inLanguage\":\"fr-FR\"},{\"@type\":[\"Person\",\"Organization\"],\"@id\":\"https:\/\/www.pro-du-web.fr\/s\/#\/schema\/person\/9cab67c4ccc54ff10ed2362110dfc9e5\",\"name\":\"adminmaster\",\"image\":{\"@type\":\"ImageObject\",\"inLanguage\":\"fr-FR\",\"@id\":\"https:\/\/www.pro-du-web.fr\/s\/#\/schema\/person\/image\/\",\"url\":\"https:\/\/secure.gravatar.com\/avatar\/5643ef57823b33d4ea50edd7d1cc0e4925cb491f35f538816db6c2677c28163c?s=96&d=mm&r=g\",\"contentUrl\":\"https:\/\/secure.gravatar.com\/avatar\/5643ef57823b33d4ea50edd7d1cc0e4925cb491f35f538816db6c2677c28163c?s=96&d=mm&r=g\",\"caption\":\"adminmaster\"},\"logo\":{\"@id\":\"https:\/\/www.pro-du-web.fr\/s\/#\/schema\/person\/image\/\"}}]}<\/script>\n<!-- \/ Yoast SEO plugin. -->","yoast_head_json":{"title":"M\u00e9t\u00e9o Villegailhenc - Pro-du-web.fr - Toutes les infos (temp\u00e9rature, ...)","description":"M\u00e9t\u00e9o Villegailhenc. Toutes les infos (temp\u00e9rature pluie vent, etc ...) A voir sur Pro-du-web.fr","robots":{"index":"index","follow":"follow","max-snippet":"max-snippet:-1","max-image-preview":"max-image-preview:large","max-video-preview":"max-video-preview:-1"},"canonical":"https:\/\/www.pro-du-web.fr\/s\/meteo-villegailhenc\/","og_locale":"fr_FR","og_type":"article","og_title":"M\u00e9t\u00e9o Villegailhenc - Pro-du-web.fr - Toutes les infos (temp\u00e9rature, ...)","og_description":"M\u00e9t\u00e9o Villegailhenc. Toutes les infos (temp\u00e9rature pluie vent, etc ...) A voir sur Pro-du-web.fr","og_url":"https:\/\/www.pro-du-web.fr\/s\/meteo-villegailhenc\/","og_site_name":"Pro-du-WEB.fr : Le Site !","article_modified_time":"2023-07-25T15:31:50+00:00","twitter_card":"summary_large_image","twitter_misc":{"Dur\u00e9e de lecture estim\u00e9e":"1 minute"},"schema":{"@context":"https:\/\/schema.org","@graph":[{"@type":"WebPage","@id":"https:\/\/www.pro-du-web.fr\/s\/meteo-villegailhenc\/","url":"https:\/\/www.pro-du-web.fr\/s\/meteo-villegailhenc\/","name":"M\u00e9t\u00e9o Villegailhenc - Pro-du-web.fr - Toutes les infos (temp\u00e9rature, ...)","isPartOf":{"@id":"https:\/\/www.pro-du-web.fr\/s\/#website"},"datePublished":"2019-10-02T12:25:49+00:00","dateModified":"2023-07-25T15:31:50+00:00","description":"M\u00e9t\u00e9o Villegailhenc. Toutes les infos (temp\u00e9rature pluie vent, etc ...) A voir sur Pro-du-web.fr","breadcrumb":{"@id":"https:\/\/www.pro-du-web.fr\/s\/meteo-villegailhenc\/#breadcrumb"},"inLanguage":"fr-FR","potentialAction":[{"@type":"ReadAction","target":["https:\/\/www.pro-du-web.fr\/s\/meteo-villegailhenc\/"]}]},{"@type":"BreadcrumbList","@id":"https:\/\/www.pro-du-web.fr\/s\/meteo-villegailhenc\/#breadcrumb","itemListElement":[{"@type":"ListItem","position":1,"name":"Accueil","item":"https:\/\/www.pro-du-web.fr\/s\/"},{"@type":"ListItem","position":2,"name":"Windy"}]},{"@type":"WebSite","@id":"https:\/\/www.pro-du-web.fr\/s\/#website","url":"https:\/\/www.pro-du-web.fr\/s\/","name":"Pro-du-WEB.fr : Le Site !","description":"","publisher":{"@id":"https:\/\/www.pro-du-web.fr\/s\/#\/schema\/person\/9cab67c4ccc54ff10ed2362110dfc9e5"},"potentialAction":[{"@type":"SearchAction","target":{"@type":"EntryPoint","urlTemplate":"https:\/\/www.pro-du-web.fr\/s\/?s={search_term_string}"},"query-input":{"@type":"PropertyValueSpecification","valueRequired":true,"valueName":"search_term_string"}}],"inLanguage":"fr-FR"},{"@type":["Person","Organization"],"@id":"https:\/\/www.pro-du-web.fr\/s\/#\/schema\/person\/9cab67c4ccc54ff10ed2362110dfc9e5","name":"adminmaster","image":{"@type":"ImageObject","inLanguage":"fr-FR","@id":"https:\/\/www.pro-du-web.fr\/s\/#\/schema\/person\/image\/","url":"https:\/\/secure.gravatar.com\/avatar\/5643ef57823b33d4ea50edd7d1cc0e4925cb491f35f538816db6c2677c28163c?s=96&d=mm&r=g","contentUrl":"https:\/\/secure.gravatar.com\/avatar\/5643ef57823b33d4ea50edd7d1cc0e4925cb491f35f538816db6c2677c28163c?s=96&d=mm&r=g","caption":"adminmaster"},"logo":{"@id":"https:\/\/www.pro-du-web.fr\/s\/#\/schema\/person\/image\/"}}]}},"_links":{"self":[{"href":"https:\/\/www.pro-du-web.fr\/s\/wp-json\/wp\/v2\/pages\/203","targetHints":{"allow":["GET"]}}],"collection":[{"href":"https:\/\/www.pro-du-web.fr\/s\/wp-json\/wp\/v2\/pages"}],"about":[{"href":"https:\/\/www.pro-du-web.fr\/s\/wp-json\/wp\/v2\/types\/page"}],"author":[{"embeddable":true,"href":"https:\/\/www.pro-du-web.fr\/s\/wp-json\/wp\/v2\/users\/4"}],"replies":[{"embeddable":true,"href":"https:\/\/www.pro-du-web.fr\/s\/wp-json\/wp\/v2\/comments?post=203"}],"version-history":[{"count":18,"href":"https:\/\/www.pro-du-web.fr\/s\/wp-json\/wp\/v2\/pages\/203\/revisions"}],"predecessor-version":[{"id":571,"href":"https:\/\/www.pro-du-web.fr\/s\/wp-json\/wp\/v2\/pages\/203\/revisions\/571"}],"wp:attachment":[{"href":"https:\/\/www.pro-du-web.fr\/s\/wp-json\/wp\/v2\/media?parent=203"}],"curies":[{"name":"wp","href":"https:\/\/api.w.org\/{rel}","templated":true}]}}